{"id":339,"date":"2023-02-10T11:49:47","date_gmt":"2023-02-10T09:49:47","guid":{"rendered":"http:\/\/www.anwaltverein-aalen.de\/?page_id=339"},"modified":"2023-02-10T11:49:47","modified_gmt":"2023-02-10T09:49:47","slug":"impressum-2","status":"publish","type":"page","link":"https:\/\/www.anwaltverein-aalen.de\/?page_id=339","title":{"rendered":"Impressum"},"content":{"rendered":"\n<h5>Hinweis nach \u00a7 5 TMG<\/h5>\n\n\n\n<p>Die nachste\u00adhenden Informa\u00adtionen enthalten die gesetzlich vorgesehenen Pflicht\u00adangaben zur Anbieter\u00adkenn\u00adzeichnung auf der Internet-Pr\u00e4senz des Anwalt\u00adverein Aalen e.V.<\/p>\n\n\n\n<h5>Anbieter<\/h5>\n\n\n\n<p>Anwaltverein Heidenheim e.V.<br>Bahnhofstra\u00dfe 24-28<br>73430 Aalen<br>Deutschland (Germany)<br>\u00a0+49 (7361) 9577-0<br>Mail: info@anwaltverein-aalen.de<\/p>\n\n\n\n<h5>Vereins\u00adre\u00adgister<\/h5>\n\n\n\n<p>Der Anwalt\u00adverein Aalen e.V. ist im Vereins\u00adre\u00adgister des Amtsge\u00adrichts Aalen unter der Register\u00adnummer eingetragen.<\/p>\n\n\n\n<h5>Vertre\u00adtungs\u00adbe\u00adrech\u00adtigter<\/h5>\n\n\n\n<p>Der Anwalt\u00adverein Aalen e.V. wird vertreten durch den Vorsit\u00adzenden Herrn Rechtsanwalt Michael Richter<\/p>\n\n\n\n<h5>Copyright<\/h5>\n\n\n\n<p>Texte, Bilder, Grafiken sowie Gestaltung und Layout dieser Seiten unterliegen weltweitem Urheberrecht. Unerlaubte Verwendung, Reproduktion oder Weitergabe einzelner Inhalte oder kompletter Seiten werden sowohl straf- als auch zivilrechtlich verfolgt. Dabei sind allein nach deutschem Zivilrecht Unterlassung und Schaden\u00adersatz, \u00dcberlassung oder Vernichtung der Verviel\u00adf\u00e4l\u00adti\u00adgungs\u00advor\u00adrich\u00adtungen sowie die \u00f6ffentliche Bekannt\u00admachung des Urteils m\u00f6glich. Unterlas\u00adsungs\u00adan\u00adspr\u00fcche werden vom Gericht mit Ordnungs\u00adgeldern bis zu 250.000,00 EUR oder Ordnungshaft bis zu sechs Monaten gesichert. Bei strafrecht\u00adlicher Verfolgung drohen im Einzelfall Freiheits\u00adstrafen bis zu 5 Jahren. Die Rechts\u00adver\u00adfolgung nach Rechts\u00adord\u00adnungen anderer L\u00e4nder ist m\u00f6glich und kann noch drasti\u00adschere Konsequenzen nach sich ziehen.<\/p>\n\n\n\n<p>Alle Rechte vorbehalten. All rights reserved.<\/p>\n\n\n\n<h5>Haftung<\/h5>\n\n\n\n<p>Aufgrund der technischen Merkmale des Internet kann der Anwalt\u00adverein Aalen\u00a0e.V. keine Gew\u00e4hr f\u00fcr die Vollst\u00e4n\u00addigkeit und Richtigkeit der eingestellten Informa\u00adtionen \u00fcbernehmen.<\/p>\n\n\n\n<h5>Hinweis zur Problematik von externen Querver\u00adweisen<\/h5>\n\n\n\n<p>Der Anwalt\u00adverein Aalen\u00a0e.V. ist als Inhalts\u00adan\u00adbieter f\u00fcr die \u201eeigenen Inhalte\u201c, die er zur Nutzung bereith\u00e4lt, nach den allgemeinen Gesetzen verant\u00adwortlich. Von diesen eigenen Inhalten sind Querverweise (\u201eLinks\u201c) auf die von anderen Anbietern bereit\u00adge\u00adhaltenen Inhalte zu unterscheiden. Durch den Querverweis h\u00e4lt der Anwalt\u00adverein Heidenheim\u00a0e.V. insofern \u201efremde Inhalte\u201c zur Nutzung bereit. F\u00fcr diese fremden Inhalte ist er nur dann verant\u00adwortlich, wenn er von ihnen (d.h. auch von einem rechts\u00adwidrigen bzw. strafbaren Inhalt) positive Kenntnis hat und es ihm technisch m\u00f6glich und zumutbar ist, deren Nutzung zu verhindern.<\/p>\n\n\n\n<p>Bei Querver\u00adweisen handelt es sich allerdings stets um \u201elebende\u201c (dynamische) Verwei\u00adsungen. Der Anwalt\u00adverein Heidenheim&nbsp;e.V.hat bei der erstmaligen Verkn\u00fcpfung zwar den fremden Inhalt daraufhin \u00fcberpr\u00fcft, ob durch ihn eine m\u00f6gliche zivilrechtliche oder strafrechtliche Verant\u00adwort\u00adlichkeit ausgel\u00f6st wird. Er ist aber nach dem Gesetz nicht dazu verpflichtet, die Inhalte, auf die er in seinem Angebot verweist, st\u00e4ndig auf Ver\u00e4nde\u00adrungen zu \u00fcberpr\u00fcfen, die eine Verant\u00adwort\u00adlichkeit neu begr\u00fcnden k\u00f6nnten. Erst wenn er feststellt oder von anderen darauf hingewiesen wird, dass ein konkretes Angebot, zu dem er einen Querverweis bereit\u00adge\u00adstellt hat, eine zivil- oder strafrechtliche Verant\u00adwort\u00adlichkeit ausl\u00f6st, wird er den Verweis auf dieses Angebot aufheben, soweit ihm dies technisch m\u00f6glich und zumutbar ist.<\/p>\n\n\n\n<h5>Elektro\u00adnische Post (E-Mail)<\/h5>\n\n\n\n<p>Die Daten\u00fcber\u00adtragung im Internet birgt (noch) Risiken: Informa\u00adtionen, die Sie unverschl\u00fcsselt per Elektro\u00adnische Post (E-Mail) an den Anwalt\u00adverein Aalen e.V. schicken, k\u00f6nnen von Dritten unterwegs gelesen, gespeichert und zweckent\u00adfremdet werden. Senden Sie also keine vertrau\u00adlichen Informa\u00adtionen ohne Verwendung eines Verschl\u00fcs\u00adse\u00adlungs\u00adpro\u00adgramms.<\/p>\n\n\n\n<p><\/p>\n\n\n\n<p><strong>Bildnachweise:<\/strong><\/p>\n\n\n\n<p>Slider: <a href=\"https:\/\/www.flickr.com\/photos\/schubi74\/\">Schub@<\/a>Flickr &#8211; <a href=\"https:\/\/www.flickr.com\/photos\/schubi74\/50166013592\" target=\"_blank\" rel=\"noreferrer noopener\">https:\/\/www.flickr.com\/photos\/schubi74\/50166013592<\/a><\/p>\n","protected":false},"excerpt":{"rendered":"<p>Hinweis nach \u00a7 5 TMG Die nachste\u00adhenden Informa\u00adtionen enthalten die gesetzlich vorgesehenen Pflicht\u00adangaben zur Anbieter\u00adkenn\u00adzeichnung auf der Internet-Pr\u00e4senz des Anwalt\u00adverein Aalen e.V. Anbieter Anwaltverein Heidenheim e.V.Bahnhofstra\u00dfe 24-2873430 AalenDeutschland (Germany)\u00a0+49 (7361) 9577-0Mail: info@anwaltverein-aalen.de Vereins\u00adre\u00adgister Der Anwalt\u00adverein Aalen e.V. ist im Vereins\u00adre\u00adgister<\/p>\n","protected":false},"author":1,"featured_media":0,"parent":0,"menu_order":0,"comment_status":"closed","ping_status":"closed","template":"","meta":[],"_links":{"self":[{"href":"https:\/\/www.anwaltverein-aalen.de\/index.php?rest_route=\/wp\/v2\/pages\/339"}],"collection":[{"href":"https:\/\/www.anwaltverein-aalen.de\/index.php?rest_route=\/wp\/v2\/pages"}],"about":[{"href":"https:\/\/www.anwaltverein-aalen.de\/index.php?rest_route=\/wp\/v2\/types\/page"}],"author":[{"embeddable":true,"href":"https:\/\/www.anwaltverein-aalen.de\/index.php?rest_route=\/wp\/v2\/users\/1"}],"replies":[{"embeddable":true,"href":"https:\/\/www.anwaltverein-aalen.de\/index.php?rest_route=%2Fwp%2Fv2%2Fcomments&post=339"}],"version-history":[{"count":1,"href":"https:\/\/www.anwaltverein-aalen.de\/index.php?rest_route=\/wp\/v2\/pages\/339\/revisions"}],"predecessor-version":[{"id":340,"href":"https:\/\/www.anwaltverein-aalen.de\/index.php?rest_route=\/wp\/v2\/pages\/339\/revisions\/340"}],"wp:attachment":[{"href":"https:\/\/www.anwaltverein-aalen.de\/index.php?rest_route=%2Fwp%2Fv2%2Fmedia&parent=339"}],"curies":[{"name":"wp","href":"https:\/\/api.w.org\/{rel}","templated":true}]}}